{"id":57,"date":"2025-12-03T16:19:15","date_gmt":"2025-12-03T16:19:15","guid":{"rendered":"https:\/\/wpsportfishing.com\/?page_id=57"},"modified":"2025-12-06T06:15:32","modified_gmt":"2025-12-06T05:15:32","slug":"fishing-packs","status":"publish","type":"page","link":"https:\/\/wpsportfishing.com\/index.php\/fishing-packs\/","title":{"rendered":"P\u00eache&amp;S\u00e9jour"},"content":{"rendered":"\n<h2 class=\"wp-block-heading\">\ud83c\udf05\ud83c\udfe1Tarifs P\u00eache&amp;S\u00e9jour \u00ab\u00a0All inclusive\u00a0\u00bb<\/h2>\n\n\n\n<div class=\"wp-block-columns alignwide is-layout-flex wp-container-core-columns-is-layout-d2da2050 wp-block-columns-is-layout-flex\" style=\"border-top-left-radius:20px;border-top-right-radius:20px;border-bottom-left-radius:20px;border-bottom-right-radius:20px;margin-bottom:0\">\n<div class=\"wp-block-column has-assets-six-background-color has-text-color has-background has-link-color wp-elements-d4f18db467c53fef5ab61a073916cd51 is-layout-flow wp-block-column-is-layout-flow\" style=\"border-top-left-radius:20px;border-top-right-radius:20px;border-bottom-left-radius:20px;border-bottom-right-radius:20px;color:#000000;padding-top:2em;padding-right:2em;padding-bottom:2em;padding-left:2em\">\n<h2 class=\"wp-block-heading\" id=\"patron\" style=\"font-size:clamp(24.034px, 1.502rem + ((1vw - 3.2px) * 1.629), 40px);\"><strong><strong>P\u00eache du bord<\/strong><\/strong><\/h2>\n\n\n\n<hr class=\"wp-block-separator has-css-opacity is-style-wide\"\/>\n\n\n\n<ul class=\"wp-block-list has-normal-font-size\">\n<li>Accompagnement sur spot c\u00f4tiers<\/li>\n\n\n\n<li>Apprentissage techniques locales<\/li>\n\n\n\n<li>4h de p\u00eache (Cr\u00e9neau entre 6h et 17h)<\/li>\n\n\n\n<li>Mat\u00e9riel inclus<\/li>\n\n\n\n<li>1 nuit en guesthouse (30$)<\/li>\n\n\n\n<li><strong>Tarif : 150$ + 30$ par personne<\/strong><\/li>\n<\/ul>\n\n\n\n<div class=\"wp-block-buttons alignfull is-horizontal is-content-justification-center is-layout-flex wp-container-core-buttons-is-layout-03627597 wp-block-buttons-is-layout-flex\">\n<div class=\"wp-block-button has-custom-width wp-block-button__width-100\"><a class=\"wp-block-button__link has-white-color has-text-color has-background wp-element-button\" style=\"border-top-left-radius:15px;border-top-right-radius:15px;border-bottom-left-radius:15px;border-bottom-right-radius:15px;background-color:#000000\"><strong>180$ \/ personne \/ jour<\/strong>                  (Selon disponibilit\u00e9 pour la chambre)<\/a><\/div>\n<\/div>\n<\/div>\n\n\n\n<div class=\"wp-block-column has-assets-four-background-color has-text-color has-background has-link-color wp-elements-3adc14a8b70d15a9f682b8ef6cb88a4d is-layout-flow wp-block-column-is-layout-flow\" style=\"border-top-left-radius:20px;border-top-right-radius:20px;border-bottom-left-radius:20px;border-bottom-right-radius:20px;color:#000000;padding-top:2em;padding-right:2em;padding-bottom:2em;padding-left:2em\">\n<h2 class=\"wp-block-heading\" id=\"family\" style=\"font-size:clamp(24.034px, 1.502rem + ((1vw - 3.2px) * 1.629), 40px);\"><strong><strong>Pack d\u00e9couverte<\/strong><\/strong><\/h2>\n\n\n\n<hr class=\"wp-block-separator has-css-opacity is-style-wide\"\/>\n\n\n\n<ul class=\"wp-block-list has-normal-font-size\">\n<li>Bateau partag\u00e9 (d\u00e9part garanti d\u00e8s 2 p\u00eacheurs)<\/li>\n\n\n\n<li>Mat\u00e9riel inclus<\/li>\n\n\n\n<li>1 jour de p\u00eache<\/li>\n\n\n\n<li>1 nuit en guesthouse (30$)<\/li>\n\n\n\n<li><strong>Tarif : 450$ + 30$ par personne<\/strong><\/li>\n<\/ul>\n\n\n\n<div class=\"wp-block-buttons alignfull is-horizontal is-content-justification-center is-layout-flex wp-container-core-buttons-is-layout-03627597 wp-block-buttons-is-layout-flex\" style=\"border-top-left-radius:0px;border-top-right-radius:0px;border-bottom-left-radius:0px;border-bottom-right-radius:0px\">\n<div class=\"wp-block-button has-custom-width wp-block-button__width-100 is-style-fill\"><a class=\"wp-block-button__link has-white-color has-text-color has-background wp-element-button\" style=\"border-top-left-radius:15px;border-top-right-radius:15px;border-bottom-left-radius:15px;border-bottom-right-radius:15px;background-color:#000000\">480$ \/ personne \/ jour                             (Selon disponibilit\u00e9 pour la chambre)<\/a><\/div>\n<\/div>\n<\/div>\n\n\n\n<div class=\"wp-block-column has-assets-five-background-color has-text-color has-background has-link-color wp-elements-19ed7b8d20fcc5115db7317bfa8b3ddd is-layout-flow wp-block-column-is-layout-flow\" style=\"border-top-left-radius:20px;border-top-right-radius:20px;border-bottom-left-radius:20px;border-bottom-right-radius:20px;color:#000000;padding-top:2em;padding-right:2em;padding-bottom:2em;padding-left:2em\">\n<h2 class=\"wp-block-heading\" id=\"single\" style=\"font-size:clamp(24.034px, 1.502rem + ((1vw - 3.2px) * 1.629), 40px);\"><strong><strong>Pack expert<\/strong><\/strong><\/h2>\n\n\n\n<hr class=\"wp-block-separator has-text-color has-css-opacity has-background is-style-wide\" style=\"background-color:#000000;color:#000000\"\/>\n\n\n\n<ul class=\"wp-block-list has-normal-font-size\">\n<li><strong>Bateau privatis\u00e9 <\/strong>pour votre groupe (min 2* &#8211; max 4) <sup>*Pour 2 m\u00eame tarif que pour 4<\/sup><\/li>\n\n\n\n<li><strong>Guesthouse privatis\u00e9e<\/strong> (2 chambres + terrasse)<\/li>\n\n\n\n<li>Mat\u00e9riel inclus<\/li>\n\n\n\n<li>1 jour de p\u00eache<\/li>\n\n\n\n<li>1 nuit en guesthouse (20$)<\/li>\n\n\n\n<li><strong>Tarif : 420$ + 20$ par personne<\/strong><\/li>\n<\/ul>\n\n\n\n<div class=\"wp-block-buttons alignfull is-horizontal is-content-justification-center is-layout-flex wp-container-core-buttons-is-layout-03627597 wp-block-buttons-is-layout-flex\">\n<div class=\"wp-block-button has-custom-width wp-block-button__width-100\"><a class=\"wp-block-button__link has-white-color has-text-color has-background wp-element-button\" style=\"border-top-left-radius:15px;border-top-right-radius:15px;border-bottom-left-radius:15px;border-bottom-right-radius:15px;background-color:#000000\">440$ \/ personne \/ jour   <\/a><\/div>\n<\/div>\n<\/div>\n<\/div>\n\n\n\n<p><\/p>\n\n\n\n<figure class=\"wp-block-image aligncenter size-large\"><img loading=\"lazy\" decoding=\"async\" width=\"1024\" height=\"768\" src=\"https:\/\/wpsportfishing.com\/wp-content\/uploads\/2025\/12\/att.VD2af4Q1UJMhRshUS95iW7fxs29KXukKGrDSYYvFl6k-1024x768.jpeg\" alt=\"\" class=\"wp-image-73\" srcset=\"https:\/\/wpsportfishing.com\/wp-content\/uploads\/2025\/12\/att.VD2af4Q1UJMhRshUS95iW7fxs29KXukKGrDSYYvFl6k-1024x768.jpeg 1024w, https:\/\/wpsportfishing.com\/wp-content\/uploads\/2025\/12\/att.VD2af4Q1UJMhRshUS95iW7fxs29KXukKGrDSYYvFl6k-300x225.jpeg 300w, https:\/\/wpsportfishing.com\/wp-content\/uploads\/2025\/12\/att.VD2af4Q1UJMhRshUS95iW7fxs29KXukKGrDSYYvFl6k-768x576.jpeg 768w, https:\/\/wpsportfishing.com\/wp-content\/uploads\/2025\/12\/att.VD2af4Q1UJMhRshUS95iW7fxs29KXukKGrDSYYvFl6k-1536x1152.jpeg 1536w, https:\/\/wpsportfishing.com\/wp-content\/uploads\/2025\/12\/att.VD2af4Q1UJMhRshUS95iW7fxs29KXukKGrDSYYvFl6k.jpeg 2048w\" sizes=\"auto, (max-width: 1024px) 100vw, 1024px\" \/><\/figure>\n\n\n\n<p><\/p>\n","protected":false},"excerpt":{"rendered":"<p>\ud83c\udf05\ud83c\udfe1Tarifs P\u00eache&amp;S\u00e9jour \u00ab\u00a0All inclusive\u00a0\u00bb P\u00eache du bord Pack d\u00e9couverte Pack expert<\/p>\n","protected":false},"author":1,"featured_media":0,"parent":0,"menu_order":0,"comment_status":"closed","ping_status":"closed","template":"","meta":{"footnotes":""},"class_list":["post-57","page","type-page","status-publish","hentry"],"yoast_head":"<!-- This site is optimized with the Yoast SEO plugin v26.8 - https:\/\/yoast.com\/product\/yoast-seo-wordpress\/ -->\n<title>P\u00eache&amp;S\u00e9jour - WP Sportfishing<\/title>\n<meta name=\"robots\" content=\"index, follow, max-snippet:-1, max-image-preview:large, max-video-preview:-1\" \/>\n<link rel=\"canonical\" href=\"https:\/\/wpsportfishing.com\/index.php\/fishing-packs\/\" \/>\n<meta property=\"og:locale\" content=\"fr_FR\" \/>\n<meta property=\"og:type\" content=\"article\" \/>\n<meta property=\"og:title\" content=\"P\u00eache&amp;S\u00e9jour - WP Sportfishing\" \/>\n<meta property=\"og:description\" content=\"\ud83c\udf05\ud83c\udfe1Tarifs P\u00eache&amp;S\u00e9jour \u00ab\u00a0All inclusive\u00a0\u00bb P\u00eache du bord Pack d\u00e9couverte Pack expert\" \/>\n<meta property=\"og:url\" content=\"https:\/\/wpsportfishing.com\/index.php\/fishing-packs\/\" \/>\n<meta property=\"og:site_name\" content=\"WP Sportfishing\" \/>\n<meta property=\"article:publisher\" content=\"https:\/\/www.facebook.com\/warningpacificsportfishing\" \/>\n<meta property=\"article:modified_time\" content=\"2025-12-06T05:15:32+00:00\" \/>\n<meta property=\"og:image\" content=\"http:\/\/wpsportfishing.com\/wp-content\/uploads\/2025\/12\/att.VD2af4Q1UJMhRshUS95iW7fxs29KXukKGrDSYYvFl6k-1024x768.jpeg\" \/>\n<meta name=\"twitter:card\" content=\"summary_large_image\" \/>\n<meta name=\"twitter:label1\" content=\"Dur\u00e9e de lecture estim\u00e9e\" \/>\n\t<meta name=\"twitter:data1\" content=\"1 minute\" \/>\n<script type=\"application\/ld+json\" class=\"yoast-schema-graph\">{\"@context\":\"https:\/\/schema.org\",\"@graph\":[{\"@type\":\"WebPage\",\"@id\":\"https:\/\/wpsportfishing.com\/index.php\/fishing-packs\/\",\"url\":\"https:\/\/wpsportfishing.com\/index.php\/fishing-packs\/\",\"name\":\"P\u00eache&amp;S\u00e9jour - WP Sportfishing\",\"isPartOf\":{\"@id\":\"https:\/\/wpsportfishing.com\/#website\"},\"primaryImageOfPage\":{\"@id\":\"https:\/\/wpsportfishing.com\/index.php\/fishing-packs\/#primaryimage\"},\"image\":{\"@id\":\"https:\/\/wpsportfishing.com\/index.php\/fishing-packs\/#primaryimage\"},\"thumbnailUrl\":\"http:\/\/wpsportfishing.com\/wp-content\/uploads\/2025\/12\/att.VD2af4Q1UJMhRshUS95iW7fxs29KXukKGrDSYYvFl6k-1024x768.jpeg\",\"datePublished\":\"2025-12-03T16:19:15+00:00\",\"dateModified\":\"2025-12-06T05:15:32+00:00\",\"breadcrumb\":{\"@id\":\"https:\/\/wpsportfishing.com\/index.php\/fishing-packs\/#breadcrumb\"},\"inLanguage\":\"fr-FR\",\"potentialAction\":[{\"@type\":\"ReadAction\",\"target\":[\"https:\/\/wpsportfishing.com\/index.php\/fishing-packs\/\"]}]},{\"@type\":\"ImageObject\",\"inLanguage\":\"fr-FR\",\"@id\":\"https:\/\/wpsportfishing.com\/index.php\/fishing-packs\/#primaryimage\",\"url\":\"http:\/\/wpsportfishing.com\/wp-content\/uploads\/2025\/12\/att.VD2af4Q1UJMhRshUS95iW7fxs29KXukKGrDSYYvFl6k-1024x768.jpeg\",\"contentUrl\":\"http:\/\/wpsportfishing.com\/wp-content\/uploads\/2025\/12\/att.VD2af4Q1UJMhRshUS95iW7fxs29KXukKGrDSYYvFl6k-1024x768.jpeg\"},{\"@type\":\"BreadcrumbList\",\"@id\":\"https:\/\/wpsportfishing.com\/index.php\/fishing-packs\/#breadcrumb\",\"itemListElement\":[{\"@type\":\"ListItem\",\"position\":1,\"name\":\"Accueil\",\"item\":\"https:\/\/wpsportfishing.com\/\"},{\"@type\":\"ListItem\",\"position\":2,\"name\":\"P\u00eache&amp;S\u00e9jour\"}]},{\"@type\":\"WebSite\",\"@id\":\"https:\/\/wpsportfishing.com\/#website\",\"url\":\"https:\/\/wpsportfishing.com\/\",\"name\":\"WP Sportfishing\",\"description\":\"\",\"publisher\":{\"@id\":\"https:\/\/wpsportfishing.com\/#organization\"},\"potentialAction\":[{\"@type\":\"SearchAction\",\"target\":{\"@type\":\"EntryPoint\",\"urlTemplate\":\"https:\/\/wpsportfishing.com\/?s={search_term_string}\"},\"query-input\":{\"@type\":\"PropertyValueSpecification\",\"valueRequired\":true,\"valueName\":\"search_term_string\"}}],\"inLanguage\":\"fr-FR\"},{\"@type\":\"Organization\",\"@id\":\"https:\/\/wpsportfishing.com\/#organization\",\"name\":\"WP Sportfishing\",\"url\":\"https:\/\/wpsportfishing.com\/\",\"logo\":{\"@type\":\"ImageObject\",\"inLanguage\":\"fr-FR\",\"@id\":\"https:\/\/wpsportfishing.com\/#\/schema\/logo\/image\/\",\"url\":\"https:\/\/wpsportfishing.com\/wp-content\/uploads\/2025\/11\/f1bfff34-eabc-4af0-8be3-cf5d5fc5d1ef.jpg\",\"contentUrl\":\"https:\/\/wpsportfishing.com\/wp-content\/uploads\/2025\/11\/f1bfff34-eabc-4af0-8be3-cf5d5fc5d1ef.jpg\",\"width\":2000,\"height\":2000,\"caption\":\"WP Sportfishing\"},\"image\":{\"@id\":\"https:\/\/wpsportfishing.com\/#\/schema\/logo\/image\/\"},\"sameAs\":[\"https:\/\/www.facebook.com\/warningpacificsportfishing\"]}]}<\/script>\n<!-- \/ Yoast SEO plugin. -->","yoast_head_json":{"title":"P\u00eache&amp;S\u00e9jour - WP Sportfishing","robots":{"index":"index","follow":"follow","max-snippet":"max-snippet:-1","max-image-preview":"max-image-preview:large","max-video-preview":"max-video-preview:-1"},"canonical":"https:\/\/wpsportfishing.com\/index.php\/fishing-packs\/","og_locale":"fr_FR","og_type":"article","og_title":"P\u00eache&amp;S\u00e9jour - WP Sportfishing","og_description":"\ud83c\udf05\ud83c\udfe1Tarifs P\u00eache&amp;S\u00e9jour \u00ab\u00a0All inclusive\u00a0\u00bb P\u00eache du bord Pack d\u00e9couverte Pack expert","og_url":"https:\/\/wpsportfishing.com\/index.php\/fishing-packs\/","og_site_name":"WP Sportfishing","article_publisher":"https:\/\/www.facebook.com\/warningpacificsportfishing","article_modified_time":"2025-12-06T05:15:32+00:00","og_image":[{"url":"http:\/\/wpsportfishing.com\/wp-content\/uploads\/2025\/12\/att.VD2af4Q1UJMhRshUS95iW7fxs29KXukKGrDSYYvFl6k-1024x768.jpeg","type":"","width":"","height":""}],"twitter_card":"summary_large_image","twitter_misc":{"Dur\u00e9e de lecture estim\u00e9e":"1 minute"},"schema":{"@context":"https:\/\/schema.org","@graph":[{"@type":"WebPage","@id":"https:\/\/wpsportfishing.com\/index.php\/fishing-packs\/","url":"https:\/\/wpsportfishing.com\/index.php\/fishing-packs\/","name":"P\u00eache&amp;S\u00e9jour - WP Sportfishing","isPartOf":{"@id":"https:\/\/wpsportfishing.com\/#website"},"primaryImageOfPage":{"@id":"https:\/\/wpsportfishing.com\/index.php\/fishing-packs\/#primaryimage"},"image":{"@id":"https:\/\/wpsportfishing.com\/index.php\/fishing-packs\/#primaryimage"},"thumbnailUrl":"http:\/\/wpsportfishing.com\/wp-content\/uploads\/2025\/12\/att.VD2af4Q1UJMhRshUS95iW7fxs29KXukKGrDSYYvFl6k-1024x768.jpeg","datePublished":"2025-12-03T16:19:15+00:00","dateModified":"2025-12-06T05:15:32+00:00","breadcrumb":{"@id":"https:\/\/wpsportfishing.com\/index.php\/fishing-packs\/#breadcrumb"},"inLanguage":"fr-FR","potentialAction":[{"@type":"ReadAction","target":["https:\/\/wpsportfishing.com\/index.php\/fishing-packs\/"]}]},{"@type":"ImageObject","inLanguage":"fr-FR","@id":"https:\/\/wpsportfishing.com\/index.php\/fishing-packs\/#primaryimage","url":"http:\/\/wpsportfishing.com\/wp-content\/uploads\/2025\/12\/att.VD2af4Q1UJMhRshUS95iW7fxs29KXukKGrDSYYvFl6k-1024x768.jpeg","contentUrl":"http:\/\/wpsportfishing.com\/wp-content\/uploads\/2025\/12\/att.VD2af4Q1UJMhRshUS95iW7fxs29KXukKGrDSYYvFl6k-1024x768.jpeg"},{"@type":"BreadcrumbList","@id":"https:\/\/wpsportfishing.com\/index.php\/fishing-packs\/#breadcrumb","itemListElement":[{"@type":"ListItem","position":1,"name":"Accueil","item":"https:\/\/wpsportfishing.com\/"},{"@type":"ListItem","position":2,"name":"P\u00eache&amp;S\u00e9jour"}]},{"@type":"WebSite","@id":"https:\/\/wpsportfishing.com\/#website","url":"https:\/\/wpsportfishing.com\/","name":"WP Sportfishing","description":"","publisher":{"@id":"https:\/\/wpsportfishing.com\/#organization"},"potentialAction":[{"@type":"SearchAction","target":{"@type":"EntryPoint","urlTemplate":"https:\/\/wpsportfishing.com\/?s={search_term_string}"},"query-input":{"@type":"PropertyValueSpecification","valueRequired":true,"valueName":"search_term_string"}}],"inLanguage":"fr-FR"},{"@type":"Organization","@id":"https:\/\/wpsportfishing.com\/#organization","name":"WP Sportfishing","url":"https:\/\/wpsportfishing.com\/","logo":{"@type":"ImageObject","inLanguage":"fr-FR","@id":"https:\/\/wpsportfishing.com\/#\/schema\/logo\/image\/","url":"https:\/\/wpsportfishing.com\/wp-content\/uploads\/2025\/11\/f1bfff34-eabc-4af0-8be3-cf5d5fc5d1ef.jpg","contentUrl":"https:\/\/wpsportfishing.com\/wp-content\/uploads\/2025\/11\/f1bfff34-eabc-4af0-8be3-cf5d5fc5d1ef.jpg","width":2000,"height":2000,"caption":"WP Sportfishing"},"image":{"@id":"https:\/\/wpsportfishing.com\/#\/schema\/logo\/image\/"},"sameAs":["https:\/\/www.facebook.com\/warningpacificsportfishing"]}]}},"jetpack_sharing_enabled":true,"_links":{"self":[{"href":"https:\/\/wpsportfishing.com\/index.php\/wp-json\/wp\/v2\/pages\/57","targetHints":{"allow":["GET"]}}],"collection":[{"href":"https:\/\/wpsportfishing.com\/index.php\/wp-json\/wp\/v2\/pages"}],"about":[{"href":"https:\/\/wpsportfishing.com\/index.php\/wp-json\/wp\/v2\/types\/page"}],"author":[{"embeddable":true,"href":"https:\/\/wpsportfishing.com\/index.php\/wp-json\/wp\/v2\/users\/1"}],"replies":[{"embeddable":true,"href":"https:\/\/wpsportfishing.com\/index.php\/wp-json\/wp\/v2\/comments?post=57"}],"version-history":[{"count":17,"href":"https:\/\/wpsportfishing.com\/index.php\/wp-json\/wp\/v2\/pages\/57\/revisions"}],"predecessor-version":[{"id":317,"href":"https:\/\/wpsportfishing.com\/index.php\/wp-json\/wp\/v2\/pages\/57\/revisions\/317"}],"wp:attachment":[{"href":"https:\/\/wpsportfishing.com\/index.php\/wp-json\/wp\/v2\/media?parent=57"}],"curies":[{"name":"wp","href":"https:\/\/api.w.org\/{rel}","templated":true}]}}