{"id":161,"date":"2025-12-03T23:02:34","date_gmt":"2025-12-03T23:02:34","guid":{"rendered":"https:\/\/wpsportfishing.com\/?page_id=161"},"modified":"2025-12-06T05:18:52","modified_gmt":"2025-12-06T04:18:52","slug":"le-centre","status":"publish","type":"page","link":"https:\/\/wpsportfishing.com\/index.php\/le-centre\/","title":{"rendered":"A propos"},"content":{"rendered":"\n<h2 class=\"wp-block-heading\">\ud83c\udf0aVivez une exp\u00e9rience de p\u00eache inoubliable dans les eaux sauvages du Costa Rica<\/h2>\n\n\n\n<p>Je m\u2019appelle <strong>Manu<\/strong>, passionn\u00e9 de p\u00eache depuis <strong>plus de 20 ans<\/strong>.<br>Au fil des ann\u00e9es, j\u2019ai explor\u00e9 les <strong>eaux du monde entier<\/strong> :<br><strong>Jama\u00efque, Tha\u00eflande, France<\/strong> et bien d\u2019autres destinations o\u00f9 chaque sortie m\u2019a appris \u00e0 mieux comprendre la mer, les poissons et les techniques de p\u00eache sportive.<\/p>\n\n\n\n<p>Situ\u00e9s \u00e0 <strong>Puerto Jim\u00e9nez<\/strong>, au c\u0153ur de la <strong>P\u00e9ninsule d\u2019Osa<\/strong>, nous op\u00e9rons dans l\u2019une des r\u00e9gions les plus sauvages et pr\u00e9serv\u00e9es du Costa Rica. Notre bateau part directement du <strong>Golfo Dulce<\/strong>, une zone unique r\u00e9put\u00e9e pour sa biodiversit\u00e9 et ses conditions exceptionnelles pour la <strong>p\u00eache sportive<\/strong><\/p>\n\n\n\n<p>Notre capitaine poss\u00e8de <strong>plus de 10 ann\u00e9es d\u2019exp\u00e9rience<\/strong> dans les eaux du <strong>Golfo Dulce<\/strong>. Connaissant parfaitement les <strong>spots de p\u00eache<\/strong>, les mar\u00e9es et les conditions marines, il garantit \u00e0 la fois <strong>s\u00e9curit\u00e9<\/strong>, <strong>professionnalisme<\/strong> et <strong>r\u00e9sultats<\/strong> pour chaque sortie. Avec notre connaissance du Golfo Dulce, du bateau et une approche centr\u00e9e sur le partage. Mon r\u00f4le est de vous guider, de vous transmettre mes techniques, mais surtout de vous faire vivre une <strong>aventure unique<\/strong>, entre jungle et oc\u00e9an.<\/p>\n\n\n\n<p>Nous parlons <strong>fran\u00e7ais<\/strong>, <strong>anglais<\/strong> et <strong>espagnol<\/strong>.<br>Que vous soyez francophone, anglophone ou local, nous vous accompagnons avec un <strong>service personnalis\u00e9 et clair<\/strong>, sans barri\u00e8re linguistique<\/p>\n\n\n\n<p>Mon objectif est simple :<br>\ud83d\udc49 offrir une exp\u00e9rience <strong>authentique<\/strong>, <strong>s\u00fbre<\/strong>, et <strong>accessible \u00e0 tous<\/strong>, que vous soyez d\u00e9butant, confirm\u00e9 ou p\u00eacheur passionn\u00e9 en qu\u00eate de sensations fortes.<\/p>\n\n\n\n<p>Nous pouvons organiser votre <strong>accueil \u00e0 l\u2019a\u00e9roport<\/strong> (San Jos\u00e9 ou Puerto Jim\u00e9nez) ainsi que votre <strong>transfert jusqu\u2019\u00e0 notre lodge<\/strong>.<br>Voyagez l\u2019esprit l\u00e9ger : nous nous occupons de tout pour que vous commenciez votre aventure dans les meilleures conditions.<\/p>\n\n\n\n<h1 class=\"wp-block-heading\">\ud83c\udfe1 <strong>Notre chambre d\u2019h\u00f4te \u2013 fra\u00eechement r\u00e9nov\u00e9e, confortable et conviviale<\/strong><\/h1>\n\n\n\n<p>Notre chambre d\u2019h\u00f4te, enti\u00e8rement <strong>r\u00e9nov\u00e9e en 2025<\/strong>, offre un espace moderne, chaleureux et parfaitement adapt\u00e9 aux voyageurs en qu\u00eate de confort apr\u00e8s une journ\u00e9e d\u2019exploration ou de p\u00eache dans la P\u00e9ninsule d\u2019Osa.<\/p>\n\n\n\n<p>L\u2019h\u00e9bergement se compose de <strong>deux chambres spacieuses<\/strong>, chacune \u00e9quip\u00e9e d\u2019un <strong>lit double confortable<\/strong>, id\u00e9al pour les couples, les amis ou les familles recherchant calme et d\u00e9tente.<\/p>\n\n\n\n<p>Vous y trouverez \u00e9galement une <strong>cuisine totalement \u00e9quip\u00e9e<\/strong>, pens\u00e9e pour vous permettre de pr\u00e9parer vos repas en toute simplicit\u00e9 : r\u00e9frig\u00e9rateur, plaques de cuisson, ustensiles, vaisselle, cafeti\u00e8re\u2026 Tout est pr\u00eat pour vous accueillir comme \u00e0 la maison.<\/p>\n\n\n\n<p>La <strong>salle de bain moderne<\/strong> offre un v\u00e9ritable confort apr\u00e8s les sorties en mer, avec une douche pratique et un espace propre et fonctionnel.<\/p>\n\n\n\n<p>Le v\u00e9ritable atout de notre lodge est sa <strong>grande terrasse couverte<\/strong>, un endroit parfait pour profiter de moments conviviaux en famille ou entre amis.<br>Entre l\u2019ombre, la brise tropicale et les sons de la jungle, c\u2019est l\u2019endroit id\u00e9al pour prendre un caf\u00e9 le matin, partager un repas, ou simplement se d\u00e9tendre apr\u00e8s une belle journ\u00e9e au Golfo Dulce.<\/p>\n\n\n\n<p>Ici, vous b\u00e9n\u00e9ficiez d\u2019un h\u00e9bergement m\u00ealant <strong>confort, nature et tranquillit\u00e9<\/strong>, \u00e0 seulement quelques minutes du port de d\u00e9part pour vos sorties de p\u00eache.<\/p>\n\n\n\n<div class=\"wp-block-group has-global-padding is-layout-constrained wp-block-group-is-layout-constrained\">\n<div class=\"wp-block-group has-global-padding is-layout-constrained wp-block-group-is-layout-constrained\">\n<div style=\"text-align: center;\">\n<iframe src=\"https:\/\/www.google.com\/maps\/embed?pb=!1m18!1m12!1m3!1d126276.35832239642!2d-83.35932359187622!3d8.486135681621382!2m3!1f0!2f0!3f0!3m2!1i1024!2i768!4f13.1!3m3!1m2!1s0x8fa466c2a75032fb%3A0x8d5d454d2acd0d0!2sPuntarenas%2C%20Puerto%20Jim%C3%A9nez%2C%20Costa%20Rica!5e0!3m2!1sfr!2sfr!4v1764845283333!5m2!1sfr!2sfr\" width=\"600\" height=\"450\" style=\"border:0;\" allowfullscreen=\"\" loading=\"lazy\" referrerpolicy=\"no-referrer-when-downgrade\"><\/iframe>\n<\/div>\n<\/div>\n<\/div>\n\n\n\n<figure class=\"wp-block-image aligncenter size-large is-resized\"><img loading=\"lazy\" decoding=\"async\" width=\"1024\" height=\"806\" src=\"https:\/\/wpsportfishing.com\/wp-content\/uploads\/2025\/12\/carte-parc-corcovado-e1631034275263-1024x806.png\" alt=\"\" class=\"wp-image-179\" style=\"aspect-ratio:1.2704774460872021;width:778px;height:auto\" srcset=\"https:\/\/wpsportfishing.com\/wp-content\/uploads\/2025\/12\/carte-parc-corcovado-e1631034275263-1024x806.png 1024w, https:\/\/wpsportfishing.com\/wp-content\/uploads\/2025\/12\/carte-parc-corcovado-e1631034275263-300x236.png 300w, https:\/\/wpsportfishing.com\/wp-content\/uploads\/2025\/12\/carte-parc-corcovado-e1631034275263-768x604.png 768w, https:\/\/wpsportfishing.com\/wp-content\/uploads\/2025\/12\/carte-parc-corcovado-e1631034275263.png 1200w\" sizes=\"auto, (max-width: 1024px) 100vw, 1024px\" \/><\/figure>\n","protected":false},"excerpt":{"rendered":"<p>\ud83c\udf0aVivez une exp\u00e9rience de p\u00eache inoubliable dans les eaux sauvages du Costa Rica Je m\u2019appelle Manu, passionn\u00e9 de p\u00eache depuis [&hellip;]<\/p>\n","protected":false},"author":1,"featured_media":0,"parent":0,"menu_order":0,"comment_status":"closed","ping_status":"closed","template":"","meta":{"footnotes":""},"class_list":["post-161","page","type-page","status-publish","hentry"],"yoast_head":"<!-- This site is optimized with the Yoast SEO plugin v26.8 - https:\/\/yoast.com\/product\/yoast-seo-wordpress\/ -->\n<title>A propos - WP Sportfishing<\/title>\n<meta name=\"robots\" content=\"index, follow, max-snippet:-1, max-image-preview:large, max-video-preview:-1\" \/>\n<link rel=\"canonical\" href=\"https:\/\/wpsportfishing.com\/index.php\/le-centre\/\" \/>\n<meta property=\"og:locale\" content=\"fr_FR\" \/>\n<meta property=\"og:type\" content=\"article\" \/>\n<meta property=\"og:title\" content=\"A propos - WP Sportfishing\" \/>\n<meta property=\"og:description\" content=\"\ud83c\udf0aVivez une exp\u00e9rience de p\u00eache inoubliable dans les eaux sauvages du Costa Rica Je m\u2019appelle Manu, passionn\u00e9 de p\u00eache depuis [&hellip;]\" \/>\n<meta property=\"og:url\" content=\"https:\/\/wpsportfishing.com\/index.php\/le-centre\/\" \/>\n<meta property=\"og:site_name\" content=\"WP Sportfishing\" \/>\n<meta property=\"article:publisher\" content=\"https:\/\/www.facebook.com\/warningpacificsportfishing\" \/>\n<meta property=\"article:modified_time\" content=\"2025-12-06T04:18:52+00:00\" \/>\n<meta property=\"og:image\" content=\"http:\/\/wpsportfishing.com\/wp-content\/uploads\/2025\/12\/carte-parc-corcovado-e1631034275263-1024x806.png\" \/>\n<meta name=\"twitter:card\" content=\"summary_large_image\" \/>\n<meta name=\"twitter:label1\" content=\"Dur\u00e9e de lecture estim\u00e9e\" \/>\n\t<meta name=\"twitter:data1\" content=\"3 minutes\" \/>\n<script type=\"application\/ld+json\" class=\"yoast-schema-graph\">{\"@context\":\"https:\/\/schema.org\",\"@graph\":[{\"@type\":\"WebPage\",\"@id\":\"https:\/\/wpsportfishing.com\/index.php\/le-centre\/\",\"url\":\"https:\/\/wpsportfishing.com\/index.php\/le-centre\/\",\"name\":\"A propos - WP Sportfishing\",\"isPartOf\":{\"@id\":\"https:\/\/wpsportfishing.com\/#website\"},\"primaryImageOfPage\":{\"@id\":\"https:\/\/wpsportfishing.com\/index.php\/le-centre\/#primaryimage\"},\"image\":{\"@id\":\"https:\/\/wpsportfishing.com\/index.php\/le-centre\/#primaryimage\"},\"thumbnailUrl\":\"http:\/\/wpsportfishing.com\/wp-content\/uploads\/2025\/12\/carte-parc-corcovado-e1631034275263-1024x806.png\",\"datePublished\":\"2025-12-03T23:02:34+00:00\",\"dateModified\":\"2025-12-06T04:18:52+00:00\",\"breadcrumb\":{\"@id\":\"https:\/\/wpsportfishing.com\/index.php\/le-centre\/#breadcrumb\"},\"inLanguage\":\"fr-FR\",\"potentialAction\":[{\"@type\":\"ReadAction\",\"target\":[\"https:\/\/wpsportfishing.com\/index.php\/le-centre\/\"]}]},{\"@type\":\"ImageObject\",\"inLanguage\":\"fr-FR\",\"@id\":\"https:\/\/wpsportfishing.com\/index.php\/le-centre\/#primaryimage\",\"url\":\"http:\/\/wpsportfishing.com\/wp-content\/uploads\/2025\/12\/carte-parc-corcovado-e1631034275263-1024x806.png\",\"contentUrl\":\"http:\/\/wpsportfishing.com\/wp-content\/uploads\/2025\/12\/carte-parc-corcovado-e1631034275263-1024x806.png\"},{\"@type\":\"BreadcrumbList\",\"@id\":\"https:\/\/wpsportfishing.com\/index.php\/le-centre\/#breadcrumb\",\"itemListElement\":[{\"@type\":\"ListItem\",\"position\":1,\"name\":\"Accueil\",\"item\":\"https:\/\/wpsportfishing.com\/\"},{\"@type\":\"ListItem\",\"position\":2,\"name\":\"A propos\"}]},{\"@type\":\"WebSite\",\"@id\":\"https:\/\/wpsportfishing.com\/#website\",\"url\":\"https:\/\/wpsportfishing.com\/\",\"name\":\"WP Sportfishing\",\"description\":\"\",\"publisher\":{\"@id\":\"https:\/\/wpsportfishing.com\/#organization\"},\"potentialAction\":[{\"@type\":\"SearchAction\",\"target\":{\"@type\":\"EntryPoint\",\"urlTemplate\":\"https:\/\/wpsportfishing.com\/?s={search_term_string}\"},\"query-input\":{\"@type\":\"PropertyValueSpecification\",\"valueRequired\":true,\"valueName\":\"search_term_string\"}}],\"inLanguage\":\"fr-FR\"},{\"@type\":\"Organization\",\"@id\":\"https:\/\/wpsportfishing.com\/#organization\",\"name\":\"WP Sportfishing\",\"url\":\"https:\/\/wpsportfishing.com\/\",\"logo\":{\"@type\":\"ImageObject\",\"inLanguage\":\"fr-FR\",\"@id\":\"https:\/\/wpsportfishing.com\/#\/schema\/logo\/image\/\",\"url\":\"https:\/\/wpsportfishing.com\/wp-content\/uploads\/2025\/11\/f1bfff34-eabc-4af0-8be3-cf5d5fc5d1ef.jpg\",\"contentUrl\":\"https:\/\/wpsportfishing.com\/wp-content\/uploads\/2025\/11\/f1bfff34-eabc-4af0-8be3-cf5d5fc5d1ef.jpg\",\"width\":2000,\"height\":2000,\"caption\":\"WP Sportfishing\"},\"image\":{\"@id\":\"https:\/\/wpsportfishing.com\/#\/schema\/logo\/image\/\"},\"sameAs\":[\"https:\/\/www.facebook.com\/warningpacificsportfishing\"]}]}<\/script>\n<!-- \/ Yoast SEO plugin. -->","yoast_head_json":{"title":"A propos - WP Sportfishing","robots":{"index":"index","follow":"follow","max-snippet":"max-snippet:-1","max-image-preview":"max-image-preview:large","max-video-preview":"max-video-preview:-1"},"canonical":"https:\/\/wpsportfishing.com\/index.php\/le-centre\/","og_locale":"fr_FR","og_type":"article","og_title":"A propos - WP Sportfishing","og_description":"\ud83c\udf0aVivez une exp\u00e9rience de p\u00eache inoubliable dans les eaux sauvages du Costa Rica Je m\u2019appelle Manu, passionn\u00e9 de p\u00eache depuis [&hellip;]","og_url":"https:\/\/wpsportfishing.com\/index.php\/le-centre\/","og_site_name":"WP Sportfishing","article_publisher":"https:\/\/www.facebook.com\/warningpacificsportfishing","article_modified_time":"2025-12-06T04:18:52+00:00","og_image":[{"url":"http:\/\/wpsportfishing.com\/wp-content\/uploads\/2025\/12\/carte-parc-corcovado-e1631034275263-1024x806.png","type":"","width":"","height":""}],"twitter_card":"summary_large_image","twitter_misc":{"Dur\u00e9e de lecture estim\u00e9e":"3 minutes"},"schema":{"@context":"https:\/\/schema.org","@graph":[{"@type":"WebPage","@id":"https:\/\/wpsportfishing.com\/index.php\/le-centre\/","url":"https:\/\/wpsportfishing.com\/index.php\/le-centre\/","name":"A propos - WP Sportfishing","isPartOf":{"@id":"https:\/\/wpsportfishing.com\/#website"},"primaryImageOfPage":{"@id":"https:\/\/wpsportfishing.com\/index.php\/le-centre\/#primaryimage"},"image":{"@id":"https:\/\/wpsportfishing.com\/index.php\/le-centre\/#primaryimage"},"thumbnailUrl":"http:\/\/wpsportfishing.com\/wp-content\/uploads\/2025\/12\/carte-parc-corcovado-e1631034275263-1024x806.png","datePublished":"2025-12-03T23:02:34+00:00","dateModified":"2025-12-06T04:18:52+00:00","breadcrumb":{"@id":"https:\/\/wpsportfishing.com\/index.php\/le-centre\/#breadcrumb"},"inLanguage":"fr-FR","potentialAction":[{"@type":"ReadAction","target":["https:\/\/wpsportfishing.com\/index.php\/le-centre\/"]}]},{"@type":"ImageObject","inLanguage":"fr-FR","@id":"https:\/\/wpsportfishing.com\/index.php\/le-centre\/#primaryimage","url":"http:\/\/wpsportfishing.com\/wp-content\/uploads\/2025\/12\/carte-parc-corcovado-e1631034275263-1024x806.png","contentUrl":"http:\/\/wpsportfishing.com\/wp-content\/uploads\/2025\/12\/carte-parc-corcovado-e1631034275263-1024x806.png"},{"@type":"BreadcrumbList","@id":"https:\/\/wpsportfishing.com\/index.php\/le-centre\/#breadcrumb","itemListElement":[{"@type":"ListItem","position":1,"name":"Accueil","item":"https:\/\/wpsportfishing.com\/"},{"@type":"ListItem","position":2,"name":"A propos"}]},{"@type":"WebSite","@id":"https:\/\/wpsportfishing.com\/#website","url":"https:\/\/wpsportfishing.com\/","name":"WP Sportfishing","description":"","publisher":{"@id":"https:\/\/wpsportfishing.com\/#organization"},"potentialAction":[{"@type":"SearchAction","target":{"@type":"EntryPoint","urlTemplate":"https:\/\/wpsportfishing.com\/?s={search_term_string}"},"query-input":{"@type":"PropertyValueSpecification","valueRequired":true,"valueName":"search_term_string"}}],"inLanguage":"fr-FR"},{"@type":"Organization","@id":"https:\/\/wpsportfishing.com\/#organization","name":"WP Sportfishing","url":"https:\/\/wpsportfishing.com\/","logo":{"@type":"ImageObject","inLanguage":"fr-FR","@id":"https:\/\/wpsportfishing.com\/#\/schema\/logo\/image\/","url":"https:\/\/wpsportfishing.com\/wp-content\/uploads\/2025\/11\/f1bfff34-eabc-4af0-8be3-cf5d5fc5d1ef.jpg","contentUrl":"https:\/\/wpsportfishing.com\/wp-content\/uploads\/2025\/11\/f1bfff34-eabc-4af0-8be3-cf5d5fc5d1ef.jpg","width":2000,"height":2000,"caption":"WP Sportfishing"},"image":{"@id":"https:\/\/wpsportfishing.com\/#\/schema\/logo\/image\/"},"sameAs":["https:\/\/www.facebook.com\/warningpacificsportfishing"]}]}},"jetpack_sharing_enabled":true,"_links":{"self":[{"href":"https:\/\/wpsportfishing.com\/index.php\/wp-json\/wp\/v2\/pages\/161","targetHints":{"allow":["GET"]}}],"collection":[{"href":"https:\/\/wpsportfishing.com\/index.php\/wp-json\/wp\/v2\/pages"}],"about":[{"href":"https:\/\/wpsportfishing.com\/index.php\/wp-json\/wp\/v2\/types\/page"}],"author":[{"embeddable":true,"href":"https:\/\/wpsportfishing.com\/index.php\/wp-json\/wp\/v2\/users\/1"}],"replies":[{"embeddable":true,"href":"https:\/\/wpsportfishing.com\/index.php\/wp-json\/wp\/v2\/comments?post=161"}],"version-history":[{"count":20,"href":"https:\/\/wpsportfishing.com\/index.php\/wp-json\/wp\/v2\/pages\/161\/revisions"}],"predecessor-version":[{"id":310,"href":"https:\/\/wpsportfishing.com\/index.php\/wp-json\/wp\/v2\/pages\/161\/revisions\/310"}],"wp:attachment":[{"href":"https:\/\/wpsportfishing.com\/index.php\/wp-json\/wp\/v2\/media?parent=161"}],"curies":[{"name":"wp","href":"https:\/\/api.w.org\/{rel}","templated":true}]}}